{"id":282,"date":"2025-03-23T17:26:24","date_gmt":"2025-03-23T16:26:24","guid":{"rendered":"http:\/\/preprod.plantesactives.fr\/?page_id=282"},"modified":"2026-02-24T10:56:52","modified_gmt":"2026-02-24T09:56:52","slug":"actualites","status":"publish","type":"page","link":"https:\/\/plantesactives.fr\/index.php\/actualites\/","title":{"rendered":"Actualit\u00e9s"},"content":{"rendered":"\t\t<div data-elementor-type=\"wp-page\" data-elementor-id=\"282\" class=\"elementor elementor-282\" data-elementor-post-type=\"page\">\n\t\t\t\t<div class=\"aux-parallax-section elementor-element elementor-element-96c4820 e-flex e-con-boxed e-con e-parent\" data-id=\"96c4820\" data-element_type=\"container\" data-e-type=\"container\">\n\t\t\t\t\t<div class=\"e-con-inner\">\n\t\t\t\t<div class=\"elementor-element elementor-element-e693eb6 elementor-widget elementor-widget-aux_recent_posts\" data-id=\"e693eb6\" data-element_type=\"widget\" data-e-type=\"widget\" data-settings=\"{&quot;columns&quot;:&quot;4&quot;,&quot;columns_tablet&quot;:&quot;inherit&quot;,&quot;columns_mobile&quot;:&quot;1&quot;}\" data-widget_type=\"aux_recent_posts.default\">\n\t\t\t\t<div class=\"elementor-widget-container\">\n\t\t\t\t\t<section class=\"widget-container aux-widget-recent-posts aux-parent-au0ed02cbb\"><div data-element-id=\"au0ed02cbb\" class=\"aux-match-height aux-row aux-de-col4 aux-tb-col4 aux-mb-col1 aux-total-4 aux-no-meta aux-ajax-view  \"><div class=\"aux-col post-761\">\n                        <article class=\"post column-entry post-761 type-post status-publish format-standard has-post-thumbnail hentry category-actualites\">\n                                                        <div class=\"entry-media\"><div class=\"aux-media-frame aux-media-image aux-image-mask\"><a href=\"https:\/\/plantesactives.fr\/index.php\/2026\/02\/24\/plantes-actives-mobilisee-au-salon-international-de-lagriculture\/\"><img decoding=\"async\" src=\"https:\/\/plantesactives.fr\/wp-content\/uploads\/2026\/02\/Logo-salon-agriculture-370x278.png\" class=\"aux-attachment aux-featured-image attachment-370x277.5 aux-attachment-id-764 \" alt=\"Logo-salon-agriculture\" srcset=\"https:\/\/plantesactives.fr\/wp-content\/uploads\/2026\/02\/Logo-salon-agriculture-150x113.png 150w,https:\/\/plantesactives.fr\/wp-content\/uploads\/2026\/02\/Logo-salon-agriculture-300x225.png 300w,https:\/\/plantesactives.fr\/wp-content\/uploads\/2026\/02\/Logo-salon-agriculture-768x576.png 768w,https:\/\/plantesactives.fr\/wp-content\/uploads\/2026\/02\/Logo-salon-agriculture-370x278.png 370w,https:\/\/plantesactives.fr\/wp-content\/uploads\/2026\/02\/Logo-salon-agriculture-790x592.png 790w\" data-ratio=\"1.33\" data-original-w=\"800\" sizes=\"(max-width:479px) 480px,(max-width:767px) 768px,(max-width:1023px) 1024px,370px\" \/><\/a><\/div><\/div>\n                            \n                            <div class=\"entry-main\">\n                                                        \n                                <header class=\"entry-header\">\n                                \n                                    <h4 class=\"entry-title\">\n                                        <a href=\"https:\/\/plantesactives.fr\/index.php\/2026\/02\/24\/plantes-actives-mobilisee-au-salon-international-de-lagriculture\/\">\n                                            Plantes Actives mobilis\u00e9e au Salon International de l&rsquo;AGRICULTURE                                        <\/a>\n                                    <\/h4>\n                                                                    <div class=\"entry-format\">\n                                        <a href=\"https:\/\/plantesactives.fr\/index.php\/2026\/02\/24\/plantes-actives-mobilisee-au-salon-international-de-lagriculture\/\">\n                                            <div class=\"post-format format-\"> <\/div>\n                                        <\/a>\n                                    <\/div>\n                                <\/header>\n                            \n                                                            <div class=\"entry-content\">\n                                                                            <p>\t\t\t\t\t\t\t\t\t\t\t\t\t\t\t\n\t\tPlantes Actives : l\u2019interprofession PPAM mobilis\u00e9e au Salon International de l\u2019Agriculture 2026Du 21 f\u00e9vrier au 1er mars 2026, le Salon Intern ...<\/p><div class=\"clear\"><\/div>                                <\/div>\n                                                        \n                            <\/div>\n\n                        <\/article>\n<\/div><div class=\"aux-col post-183\">\n                        <article class=\"post column-entry post-183 type-post status-publish format-standard has-post-thumbnail hentry category-actualites\">\n                                                        <div class=\"entry-media\"><div class=\"aux-media-frame aux-media-image aux-image-mask\"><a href=\"https:\/\/plantesactives.fr\/index.php\/2025\/03\/22\/actualite-3\/\"><img decoding=\"async\" src=\"https:\/\/plantesactives.fr\/wp-content\/uploads\/2025\/11\/ellen_bouty_drouet_200x200-370x278.png\" class=\"aux-attachment aux-featured-image attachment-370x277.5 aux-attachment-id-557 \" alt=\"ellen_bouty_drouet_200x200\" srcset=\"https:\/\/plantesactives.fr\/wp-content\/uploads\/2025\/11\/ellen_bouty_drouet_200x200-150x113.png 150w,https:\/\/plantesactives.fr\/wp-content\/uploads\/2025\/11\/ellen_bouty_drouet_200x200-300x225.png 300w,https:\/\/plantesactives.fr\/wp-content\/uploads\/2025\/11\/ellen_bouty_drouet_200x200-768x576.png 768w,https:\/\/plantesactives.fr\/wp-content\/uploads\/2025\/11\/ellen_bouty_drouet_200x200-1024x768.png 1024w,https:\/\/plantesactives.fr\/wp-content\/uploads\/2025\/11\/ellen_bouty_drouet_200x200-370x278.png 370w,https:\/\/plantesactives.fr\/wp-content\/uploads\/2025\/11\/ellen_bouty_drouet_200x200-1171x878.png 1171w\" data-ratio=\"1.33\" data-original-w=\"1181\" sizes=\"(max-width:479px) 480px,(max-width:767px) 768px,(max-width:1023px) 1024px,370px\" \/><\/a><\/div><\/div>\n                            \n                            <div class=\"entry-main\">\n                                                        \n                                <header class=\"entry-header\">\n                                \n                                    <h4 class=\"entry-title\">\n                                        <a href=\"https:\/\/plantesactives.fr\/index.php\/2025\/03\/22\/actualite-3\/\">\n                                            Nomination d&rsquo;Ellen BOUTY-DROUET                                        <\/a>\n                                    <\/h4>\n                                                                    <div class=\"entry-format\">\n                                        <a href=\"https:\/\/plantesactives.fr\/index.php\/2025\/03\/22\/actualite-3\/\">\n                                            <div class=\"post-format format-\"> <\/div>\n                                        <\/a>\n                                    <\/div>\n                                <\/header>\n                            \n                                                            <div class=\"entry-content\">\n                                                                            <p>\t\t\t\t\t\t\t\t\t\t\t\t\t\t\t\n\t\tNomination d\u2019Ellen Bouty-Drouet \u00e0 la direction g\u00e9n\u00e9rale de Plantes ActivesLe conseil d\u2019administration a nomm\u00e9 Ellen Bouty-Drouet Directrice G\u00e9 ...<\/p><div class=\"clear\"><\/div>                                <\/div>\n                                                        \n                            <\/div>\n\n                        <\/article>\n<\/div><div class=\"aux-col post-152\">\n                        <article class=\"post column-entry post-152 type-post status-publish format-standard has-post-thumbnail hentry category-actualites\">\n                                                        <div class=\"entry-media\"><div class=\"aux-media-frame aux-media-image aux-image-mask\"><a href=\"https:\/\/plantesactives.fr\/index.php\/2025\/03\/22\/actualite-2\/\"><img decoding=\"async\" src=\"https:\/\/plantesactives.fr\/wp-content\/uploads\/2025\/03\/logo_herbalia-370x278.png\" class=\"aux-attachment aux-featured-image attachment-370x277.5 aux-attachment-id-542 \" alt=\"logo_herbalia\" srcset=\"https:\/\/plantesactives.fr\/wp-content\/uploads\/2025\/03\/logo_herbalia-150x113.png 150w,https:\/\/plantesactives.fr\/wp-content\/uploads\/2025\/03\/logo_herbalia-300x225.png 300w,https:\/\/plantesactives.fr\/wp-content\/uploads\/2025\/03\/logo_herbalia-768x576.png 768w,https:\/\/plantesactives.fr\/wp-content\/uploads\/2025\/03\/logo_herbalia-1024x768.png 1024w,https:\/\/plantesactives.fr\/wp-content\/uploads\/2025\/03\/logo_herbalia-370x278.png 370w,https:\/\/plantesactives.fr\/wp-content\/uploads\/2025\/03\/logo_herbalia-1171x878.png 1171w\" data-ratio=\"1.33\" data-original-w=\"1181\" sizes=\"(max-width:479px) 480px,(max-width:767px) 768px,(max-width:1023px) 1024px,370px\" \/><\/a><\/div><\/div>\n                            \n                            <div class=\"entry-main\">\n                                                        \n                                <header class=\"entry-header\">\n                                \n                                    <h4 class=\"entry-title\">\n                                        <a href=\"https:\/\/plantesactives.fr\/index.php\/2025\/03\/22\/actualite-2\/\">\n                                            Les rendez-vous HERBALIA                                        <\/a>\n                                    <\/h4>\n                                                                    <div class=\"entry-format\">\n                                        <a href=\"https:\/\/plantesactives.fr\/index.php\/2025\/03\/22\/actualite-2\/\">\n                                            <div class=\"post-format format-\"> <\/div>\n                                        <\/a>\n                                    <\/div>\n                                <\/header>\n                            \n                                                            <div class=\"entry-content\">\n                                                                            <p>6\u00e8me \u00e9dition\n25 &amp; 26 novembre 2025\t\t\t\t\n\t\t\t\t\t\t\t\t\t\t\t\t\t\t\t\t\t\t\t\t\t\t\t\t\t\t\t\t\t\t\n\t\t\t\t\t\t\t\t\t\t\t\t\t\t\t\t\t\t\t\t\t\t\t\t\t\t\t\t\t\t\n\t\t\t\t\tA chemill\u00e9-en-Anjou\ndans le maine et loire\t\t\t\t\n\t\t\t ...<\/p><div class=\"clear\"><\/div>                                <\/div>\n                                                        \n                            <\/div>\n\n                        <\/article>\n<\/div><div class=\"aux-col post-132\">\n                        <article class=\"post column-entry post-132 type-post status-publish format-standard has-post-thumbnail hentry category-actualites\">\n                                                        <div class=\"entry-media\"><div class=\"aux-media-frame aux-media-image aux-image-mask\"><a href=\"https:\/\/plantesactives.fr\/index.php\/2025\/03\/22\/actualite-1\/\"><img decoding=\"async\" src=\"https:\/\/plantesactives.fr\/wp-content\/uploads\/2025\/03\/logo_kinedin-1-370x278.png\" class=\"aux-attachment aux-featured-image attachment-370x277.5 aux-attachment-id-541 \" alt=\"logo_kinedin\" srcset=\"https:\/\/plantesactives.fr\/wp-content\/uploads\/2025\/03\/logo_kinedin-1-150x113.png 150w,https:\/\/plantesactives.fr\/wp-content\/uploads\/2025\/03\/logo_kinedin-1-300x225.png 300w,https:\/\/plantesactives.fr\/wp-content\/uploads\/2025\/03\/logo_kinedin-1-768x576.png 768w,https:\/\/plantesactives.fr\/wp-content\/uploads\/2025\/03\/logo_kinedin-1-1024x768.png 1024w,https:\/\/plantesactives.fr\/wp-content\/uploads\/2025\/03\/logo_kinedin-1-370x278.png 370w,https:\/\/plantesactives.fr\/wp-content\/uploads\/2025\/03\/logo_kinedin-1-1171x878.png 1171w\" data-ratio=\"1.33\" data-original-w=\"1181\" sizes=\"(max-width:479px) 480px,(max-width:767px) 768px,(max-width:1023px) 1024px,370px\" \/><\/a><\/div><\/div>\n                            \n                            <div class=\"entry-main\">\n                                                        \n                                <header class=\"entry-header\">\n                                \n                                    <h4 class=\"entry-title\">\n                                        <a href=\"https:\/\/plantesactives.fr\/index.php\/2025\/03\/22\/actualite-1\/\">\n                                            Lancement du compte LinkedIn                                        <\/a>\n                                    <\/h4>\n                                                                    <div class=\"entry-format\">\n                                        <a href=\"https:\/\/plantesactives.fr\/index.php\/2025\/03\/22\/actualite-1\/\">\n                                            <div class=\"post-format format-\"> <\/div>\n                                        <\/a>\n                                    <\/div>\n                                <\/header>\n                            \n                                                            <div class=\"entry-content\">\n                                                                            <p>\t\t\t\t\t\t\t\t\t\t\t\t\t\t\t\n\t\tRetrouver l\u2019actualit\u00e9 de Plantes Actives sous la page #plantesactivesLa fili\u00e8re PPAM \u00e9volue. Les enjeux se multiplient. Les \u00e9changes doivent s ...<\/p><div class=\"clear\"><\/div>                                <\/div>\n                                                        \n                            <\/div>\n\n                        <\/article>\n<\/div><\/div><\/section><!-- widget-container -->\t\t\t\t<\/div>\n\t\t\t\t<\/div>\n\t\t\t\t\t<\/div>\n\t\t\t\t<\/div>\n\t\t\t\t<\/div>\n\t\t","protected":false},"excerpt":{"rendered":"<p>Plantes Actives mobilis\u00e9e au Salon International de l&rsquo;AGRICULTURE Plantes Actives : l\u2019interprofession PPAM mobilis\u00e9e au Salon International de l\u2019Agriculture 2026Du 21 f\u00e9vrier au 1er mars 2026, le Salon Intern &#8230; Nomination d&rsquo;Ellen BOUTY-DROUET Nomination d\u2019Ellen Bouty-Drouet \u00e0 la direction g\u00e9n\u00e9rale de Plantes ActivesLe conseil d\u2019administration a nomm\u00e9 Ellen Bouty-Drouet Directrice G\u00e9 &#8230; Les rendez-vous HERBALIA [&hellip;]<\/p>\n","protected":false},"author":1,"featured_media":0,"parent":0,"menu_order":0,"comment_status":"closed","ping_status":"closed","template":"","meta":{"footnotes":""},"class_list":["post-282","page","type-page","status-publish","hentry"],"_links":{"self":[{"href":"https:\/\/plantesactives.fr\/index.php\/wp-json\/wp\/v2\/pages\/282","targetHints":{"allow":["GET"]}}],"collection":[{"href":"https:\/\/plantesactives.fr\/index.php\/wp-json\/wp\/v2\/pages"}],"about":[{"href":"https:\/\/plantesactives.fr\/index.php\/wp-json\/wp\/v2\/types\/page"}],"author":[{"embeddable":true,"href":"https:\/\/plantesactives.fr\/index.php\/wp-json\/wp\/v2\/users\/1"}],"replies":[{"embeddable":true,"href":"https:\/\/plantesactives.fr\/index.php\/wp-json\/wp\/v2\/comments?post=282"}],"version-history":[{"count":8,"href":"https:\/\/plantesactives.fr\/index.php\/wp-json\/wp\/v2\/pages\/282\/revisions"}],"predecessor-version":[{"id":780,"href":"https:\/\/plantesactives.fr\/index.php\/wp-json\/wp\/v2\/pages\/282\/revisions\/780"}],"wp:attachment":[{"href":"https:\/\/plantesactives.fr\/index.php\/wp-json\/wp\/v2\/media?parent=282"}],"curies":[{"name":"wp","href":"https:\/\/api.w.org\/{rel}","templated":true}]}}