{"id":66,"date":"2018-06-19T10:45:31","date_gmt":"2018-06-19T08:45:31","guid":{"rendered":"http:\/\/preprod.plantesactives.fr\/index.php\/projects\/"},"modified":"2026-02-24T09:50:30","modified_gmt":"2026-02-24T08:50:30","slug":"filiere","status":"publish","type":"page","link":"https:\/\/plantesactives.fr\/index.php\/filiere\/","title":{"rendered":"La fili\u00e8re PPAM"},"content":{"rendered":"\t\t<div data-elementor-type=\"wp-post\" data-elementor-id=\"66\" class=\"elementor elementor-66\" data-elementor-post-type=\"page\">\n\t\t\t\t<div class=\"aux-parallax-section elementor-element elementor-element-bcc00a2 e-flex e-con-boxed e-con e-parent\" data-id=\"bcc00a2\" data-element_type=\"container\" data-e-type=\"container\" data-settings=\"{&quot;background_background&quot;:&quot;classic&quot;}\">\n\t\t\t\t\t<div class=\"e-con-inner\">\n\t\t<div class=\"elementor-element elementor-element-42a8a20 aux-appear-watch-animation aux-fade-in-right e-con-full e-flex e-con e-child\" data-id=\"42a8a20\" data-element_type=\"container\" data-e-type=\"container\">\n\t\t\t\t<div class=\"elementor-element elementor-element-eddb422 elementor-widget elementor-widget-aux_modern_heading\" data-id=\"eddb422\" data-element_type=\"widget\" data-e-type=\"widget\" data-widget_type=\"aux_modern_heading.default\">\n\t\t\t\t<div class=\"elementor-widget-container\">\n\t\t\t\t\t<section class=\"aux-widget-modern-heading\">\n            <div class=\"aux-widget-inner\"><h2 class=\"aux-modern-heading-primary\">La fili\u00e8re PPAM<\/h2><\/div>\n        <\/section>\t\t\t\t<\/div>\n\t\t\t\t<\/div>\n\t\t\t\t<\/div>\n\t\t\t\t\t<\/div>\n\t\t\t\t<\/div>\n\t\t<div class=\"aux-parallax-section elementor-element elementor-element-b0a7e99 e-flex e-con-boxed e-con e-parent\" data-id=\"b0a7e99\" data-element_type=\"container\" data-e-type=\"container\">\n\t\t\t\t\t<div class=\"e-con-inner\">\n\t\t<div class=\"elementor-element elementor-element-4d5e483 aux-appear-watch-animation aux-fade-in-up e-con-full e-flex e-con e-child\" data-id=\"4d5e483\" data-element_type=\"container\" data-e-type=\"container\">\n\t\t<div class=\"elementor-element elementor-element-cf2b7ac e-con-full e-flex e-con e-child\" data-id=\"cf2b7ac\" data-element_type=\"container\" data-e-type=\"container\">\n\t\t\t\t<div class=\"elementor-element elementor-element-dc984cb elementor-widget elementor-widget-aux_modern_heading\" data-id=\"dc984cb\" data-element_type=\"widget\" data-e-type=\"widget\" data-widget_type=\"aux_modern_heading.default\">\n\t\t\t\t<div class=\"elementor-widget-container\">\n\t\t\t\t\t<section class=\"aux-widget-modern-heading\">\n            <div class=\"aux-widget-inner\"><h2 class=\"aux-modern-heading-primary\"><\/h2><h3 class=\"aux-modern-heading-secondary\"><span class=\"aux-head-before\">Plantes \u00e0 Parfum, Aromatiques et M\u00e9dicinale<\/span><\/h3><div class=\"aux-modern-heading-divider\"><\/div><\/div>\n        <\/section>\t\t\t\t<\/div>\n\t\t\t\t<\/div>\n\t\t\t\t<\/div>\n\t\t<div class=\"elementor-element elementor-element-7284f6c e-con-full e-flex e-con e-child\" data-id=\"7284f6c\" data-element_type=\"container\" data-e-type=\"container\">\n\t\t\t\t<div class=\"elementor-element elementor-element-d2fb5ef elementor-widget elementor-widget-heading\" data-id=\"d2fb5ef\" data-element_type=\"widget\" data-e-type=\"widget\" data-widget_type=\"heading.default\">\n\t\t\t\t<div class=\"elementor-widget-container\">\n\t\t\t\t\t<p class=\"elementor-heading-title elementor-size-default\">Les Plantes \u00e0 Parfum, Aromatiques et M\u00e9dicinales (PPAM) forment une fili\u00e8re strat\u00e9gique, \u00e0 la crois\u00e9e de l\u2019agriculture, de la sant\u00e9, de la recherche et innovation, et du patrimoine vivant. D\u00e9couvrez sa richesse, ses acteurs et ses enjeux.\n<\/p>\t\t\t\t<\/div>\n\t\t\t\t<\/div>\n\t\t\t\t<div class=\"elementor-element elementor-element-7aaa35c elementor-widget elementor-widget-heading\" data-id=\"7aaa35c\" data-element_type=\"widget\" data-e-type=\"widget\" data-widget_type=\"heading.default\">\n\t\t\t\t<div class=\"elementor-widget-container\">\n\t\t\t\t\t<p class=\"elementor-heading-title elementor-size-default\">Quelques donn\u00e9es de production : <\/p>\t\t\t\t<\/div>\n\t\t\t\t<\/div>\n\t\t\t\t<div class=\"elementor-element elementor-element-54d311e elementor-widget elementor-widget-heading\" data-id=\"54d311e\" data-element_type=\"widget\" data-e-type=\"widget\" data-widget_type=\"heading.default\">\n\t\t\t\t<div class=\"elementor-widget-container\">\n\t\t\t\t\t<p class=\"elementor-heading-title elementor-size-default\">Quelques donn\u00e9es de production : \n\nSelon FranceAgriMer, les surfaces cultiv\u00e9es en PPAM (hors lavandes, lavandins, sauge sclar\u00e9e et coriandre) repr\u00e9sentaient 21 000 hectares en 2024, dont plus de 20 % en agriculture biologique. Les surfaces de cueillette ne sont pas encore consolid\u00e9es au niveau national, mais leur poids \u00e9conomique est d\u00e9terminant. La fili\u00e8re repose majoritairement sur des micro-fili\u00e8res \u00e0 forte valeur ajout\u00e9e, fr\u00e9quemment certifi\u00e9es : IGP, agriculture biologique (AB), Haute Valeur Environnementale (HVE), etc.<\/p>\t\t\t\t<\/div>\n\t\t\t\t<\/div>\n\t\t\t\t<div class=\"elementor-element elementor-element-e041897 elementor-widget elementor-widget-text-editor\" data-id=\"e041897\" data-element_type=\"widget\" data-e-type=\"widget\" data-widget_type=\"text-editor.default\">\n\t\t\t\t<div class=\"elementor-widget-container\">\n\t\t\t\t\t\t\t\t\t<h5><em>Retrouvez toutes les donn\u00e9es de la fili\u00e8re sur le site <a href=\"https:\/\/www.franceagrimer.fr\/aides\/par-fili%C3%A8re\/plantes-parfum-aromatiques-et-medicinales\">FranceAgrimer<\/a><\/em><\/h5>\t\t\t\t\t\t\t\t<\/div>\n\t\t\t\t<\/div>\n\t\t\t\t<\/div>\n\t\t\t\t<\/div>\n\t\t\t\t\t<\/div>\n\t\t\t\t<\/div>\n\t\t<div class=\"aux-parallax-section elementor-element elementor-element-d96f4e9 e-flex e-con-boxed e-con e-parent\" data-id=\"d96f4e9\" data-element_type=\"container\" data-e-type=\"container\" data-settings=\"{&quot;background_background&quot;:&quot;classic&quot;}\">\n\t\t\t\t\t<div class=\"e-con-inner\">\n\t\t<div class=\"elementor-element elementor-element-f9eaddd aux-appear-watch-animation aux-fade-in-up e-con-full e-flex e-con e-child\" data-id=\"f9eaddd\" data-element_type=\"container\" data-e-type=\"container\" data-settings=\"{&quot;background_background&quot;:&quot;classic&quot;}\">\n\t\t<div class=\"elementor-element elementor-element-96bcf8e e-con-full e-flex e-con e-child\" data-id=\"96bcf8e\" data-element_type=\"container\" data-e-type=\"container\">\n\t\t\t\t<div class=\"elementor-element elementor-element-537afea elementor-widget elementor-widget-heading\" data-id=\"537afea\" data-element_type=\"widget\" data-e-type=\"widget\" data-widget_type=\"heading.default\">\n\t\t\t\t<div class=\"elementor-widget-container\">\n\t\t\t\t\t<p class=\"elementor-heading-title elementor-size-default\">La fili\u00e8re PPAM repose sur plus de 300 esp\u00e8ces v\u00e9g\u00e9tales cultiv\u00e9es ou r\u00e9colt\u00e9es \u00e0 l\u2019\u00e9tat sauvage en France.\nParmi elles : la menthe poivr\u00e9e, la camomille, le romarin, la m\u00e9lisse, le thym, la sauge officinale, ou encore des esp\u00e8ces plus rares et end\u00e9miques.\n\nCette diversit\u00e9 botanique est un atout scientifique, \u00e9conomique et culturel.\nElle alimente les domaines de la sant\u00e9, des ar\u00f4mes, de la nutrition animale, de la cosm\u00e9tique, du bien-\u00eatre et de l\u2019agriculture durable.<\/p>\t\t\t\t<\/div>\n\t\t\t\t<\/div>\n\t\t\t\t<\/div>\n\t\t<div class=\"elementor-element elementor-element-74b6ffd e-con-full e-flex e-con e-child\" data-id=\"74b6ffd\" data-element_type=\"container\" data-e-type=\"container\">\n\t\t\t\t<div class=\"elementor-element elementor-element-9015e03 elementor-widget elementor-widget-aux_modern_heading\" data-id=\"9015e03\" data-element_type=\"widget\" data-e-type=\"widget\" data-widget_type=\"aux_modern_heading.default\">\n\t\t\t\t<div class=\"elementor-widget-container\">\n\t\t\t\t\t<section class=\"aux-widget-modern-heading\">\n            <div class=\"aux-widget-inner\"><h2 class=\"aux-modern-heading-primary\"><\/h2><h3 class=\"aux-modern-heading-secondary\"><span class=\"aux-head-before\">Une biodiversit\u00e9 exceptionnelle<\/span><\/h3><div class=\"aux-modern-heading-divider\"><\/div><\/div>\n        <\/section>\t\t\t\t<\/div>\n\t\t\t\t<\/div>\n\t\t\t\t<\/div>\n\t\t\t\t<\/div>\n\t\t\t\t\t<\/div>\n\t\t\t\t<\/div>\n\t\t<div class=\"aux-parallax-section elementor-element elementor-element-1e3d0872 e-con-full e-flex e-con e-parent\" data-id=\"1e3d0872\" data-element_type=\"container\" data-e-type=\"container\" data-settings=\"{&quot;background_background&quot;:&quot;classic&quot;}\">\n\t\t<div class=\"elementor-element elementor-element-2b277a13 aux-appear-watch-animation aux-fade-in-left e-con-full e-flex e-con e-child\" data-id=\"2b277a13\" data-element_type=\"container\" data-e-type=\"container\">\n\t\t\t\t<div class=\"elementor-element elementor-element-85842c8 elementor-widget elementor-widget-aux_image\" data-id=\"85842c8\" data-element_type=\"widget\" data-e-type=\"widget\" data-widget_type=\"aux_image.default\">\n\t\t\t\t<div class=\"elementor-widget-container\">\n\t\t\t\t\t<section class=\"widget-container aux-widget-image aux-alignnone aux-parent-aub5ccd438\">\n    <div class=\"aux-media-hint-frame \">\n        <div class=\"aux-media-image \" >\n        \n            \n\n            \n            <img fetchpriority=\"high\" decoding=\"async\" width=\"1024\" height=\"950\" src=\"data:image\/gif;base64,R0lGODlhAQABAIAAAAAAAP\/\/\/yH5BAEAAAAALAAAAAABAAEAAAIBRAA7\" class=\"aux-attachment aux-featured-image aux-attachment-id-534 aux-preload aux-blank\" alt=\"carte_3\" data-ratio=\"1.09\" data-original-w=\"1024\" sizes=\"auto\" data-srcset=\"https:\/\/plantesactives.fr\/wp-content\/uploads\/2025\/11\/carte_3-150x137.png 150w,https:\/\/plantesactives.fr\/wp-content\/uploads\/2025\/11\/carte_3-300x275.png 300w,https:\/\/plantesactives.fr\/wp-content\/uploads\/2025\/11\/carte_3-768x704.png 768w,https:\/\/plantesactives.fr\/wp-content\/uploads\/2025\/11\/carte_3-1037x950.png 1024w\" data-src=\"https:\/\/plantesactives.fr\/wp-content\/uploads\/2025\/11\/carte_3-1037x950.png\" \/>            \n                <\/div>\n    <\/div>\n\n<\/section><!-- widget-container -->\t\t\t\t<\/div>\n\t\t\t\t<\/div>\n\t\t\t\t<\/div>\n\t\t<div class=\"elementor-element elementor-element-16195582 e-con-full e-flex e-con e-child\" data-id=\"16195582\" data-element_type=\"container\" data-e-type=\"container\">\n\t\t\t\t<div class=\"elementor-element elementor-element-572a6ccd aux-appear-watch-animation aux-fade-in elementor-widget elementor-widget-aux_modern_heading\" data-id=\"572a6ccd\" data-element_type=\"widget\" data-e-type=\"widget\" data-widget_type=\"aux_modern_heading.default\">\n\t\t\t\t<div class=\"elementor-widget-container\">\n\t\t\t\t\t<section class=\"aux-widget-modern-heading\">\n            <div class=\"aux-widget-inner\"><h2 class=\"aux-modern-heading-primary\"><\/h2><h3 class=\"aux-modern-heading-secondary\"><span class=\"aux-head-before\">DES METIERS ET DES TERRITOIRES<\/span><\/h3><div class=\"aux-modern-heading-divider\"><\/div><div class=\"aux-modern-heading-description\"><p class=\"\" data-start=\"2120\" data-end=\"2141\">La fili\u00e8re regroupe :<\/p><ul data-start=\"2142\" data-end=\"2347\"><li class=\"\" data-start=\"2142\" data-end=\"2176\"><p class=\"\" data-start=\"2144\" data-end=\"2176\">Des <strong data-start=\"2148\" data-end=\"2176\">agriculteurs et agricultrices sp\u00e9cialis\u00e9s<\/strong><\/p><\/li><li class=\"\" data-start=\"2177\" data-end=\"2214\"><p class=\"\" data-start=\"2179\" data-end=\"2214\">Des <strong data-start=\"2183\" data-end=\"2212\">cueilleurs et cueilleuses professionnels<\/strong><\/p><\/li><li class=\"\" data-start=\"2215\" data-end=\"2257\"><p class=\"\" data-start=\"2217\" data-end=\"2257\">Des <strong data-start=\"2221\" data-end=\"2257\">transformateurs<\/strong><\/p><\/li><li class=\"\" data-start=\"2258\" data-end=\"2296\"><p class=\"\" data-start=\"2260\" data-end=\"2296\">Des <strong data-start=\"2264\" data-end=\"2296\">laboratoires et formulateurs<\/strong><\/p><\/li><li class=\"\" data-start=\"2297\" data-end=\"2347\"><p class=\"\" data-start=\"2299\" data-end=\"2347\">Des <strong data-start=\"2303\" data-end=\"2347\">entreprises artisanales ou industrielles<\/strong><\/p><\/li><\/ul><p class=\"\" data-start=\"2349\" data-end=\"2544\">Ces acteurs sont r\u00e9partis sur tout le territoire;<br data-start=\"2476\" data-end=\"2479\" \/>Chaque r\u00e9gion cultive ses <strong data-start=\"2505\" data-end=\"2543\">esp\u00e8ces et ses savoir-faire locaux<\/strong>.<\/p><\/div><\/div>\n        <\/section>\t\t\t\t<\/div>\n\t\t\t\t<\/div>\n\t\t\t\t<\/div>\n\t\t\t\t<\/div>\n\t\t<div class=\"aux-parallax-section elementor-element elementor-element-021cde8 e-flex e-con-boxed e-con e-parent\" data-id=\"021cde8\" data-element_type=\"container\" data-e-type=\"container\" data-settings=\"{&quot;background_background&quot;:&quot;classic&quot;}\">\n\t\t\t\t\t<div class=\"e-con-inner\">\n\t\t<div class=\"elementor-element elementor-element-1a4f3f9 aux-appear-watch-animation aux-fade-in-up e-con-full e-flex e-con e-child\" data-id=\"1a4f3f9\" data-element_type=\"container\" data-e-type=\"container\" data-settings=\"{&quot;background_background&quot;:&quot;classic&quot;}\">\n\t\t<div class=\"elementor-element elementor-element-5defa91 e-con-full e-flex e-con e-child\" data-id=\"5defa91\" data-element_type=\"container\" data-e-type=\"container\">\n\t\t\t\t<div class=\"elementor-element elementor-element-6eab709 elementor-widget elementor-widget-aux_modern_heading\" data-id=\"6eab709\" data-element_type=\"widget\" data-e-type=\"widget\" data-widget_type=\"aux_modern_heading.default\">\n\t\t\t\t<div class=\"elementor-widget-container\">\n\t\t\t\t\t<section class=\"aux-widget-modern-heading\">\n            <div class=\"aux-widget-inner\"><h2 class=\"aux-modern-heading-primary\"><\/h2><h3 class=\"aux-modern-heading-secondary\"><span class=\"aux-head-before\">Une fili\u00e8re aux enjeux forts<\/span><\/h3><div class=\"aux-modern-heading-divider\"><\/div><\/div>\n        <\/section>\t\t\t\t<\/div>\n\t\t\t\t<\/div>\n\t\t\t\t<\/div>\n\t\t<div class=\"elementor-element elementor-element-aef71f6 e-con-full e-flex e-con e-child\" data-id=\"aef71f6\" data-element_type=\"container\" data-e-type=\"container\">\n\t\t\t\t<div class=\"elementor-element elementor-element-79804fe elementor-widget elementor-widget-text-editor\" data-id=\"79804fe\" data-element_type=\"widget\" data-e-type=\"widget\" data-widget_type=\"text-editor.default\">\n\t\t\t\t<div class=\"elementor-widget-container\">\n\t\t\t\t\t\t\t\t\t<p>La fili\u00e8re PPAM fait face \u00e0 plusieurs d\u00e9fis importants :<\/p><p><strong>\u25cf Le changement climatique<\/strong><br \/><strong>\u25cf La r\u00e9glementation fran\u00e7aise et europ\u00e9enne<\/strong><br \/><strong>\u25cf Le besoin de structuration, visibilit\u00e9 et reconnaissance<\/strong><\/p><p><strong>\u00ab\u00a0Faire reconna\u00eetre le statut particulier de nos plantes comme \u00e9tant des produits naturels complexes.\u00a0\u00bb<\/strong><\/p>\t\t\t\t\t\t\t\t<\/div>\n\t\t\t\t<\/div>\n\t\t\t\t<\/div>\n\t\t\t\t<\/div>\n\t\t\t\t\t<\/div>\n\t\t\t\t<\/div>\n\t\t\t\t<\/div>\n\t\t","protected":false},"excerpt":{"rendered":"<p>La fili\u00e8re PPAM Plantes \u00e0 Parfum, Aromatiques et M\u00e9dicinale Les Plantes \u00e0 Parfum, Aromatiques et M\u00e9dicinales (PPAM) forment une fili\u00e8re strat\u00e9gique, \u00e0 la crois\u00e9e de l\u2019agriculture, de la sant\u00e9, de la recherche et innovation, et du patrimoine vivant. D\u00e9couvrez sa richesse, ses acteurs et ses enjeux. Quelques donn\u00e9es de production : Quelques donn\u00e9es de production [&hellip;]<\/p>\n","protected":false},"author":1,"featured_media":0,"parent":0,"menu_order":0,"comment_status":"closed","ping_status":"closed","template":"","meta":{"footnotes":""},"class_list":["post-66","page","type-page","status-publish","hentry"],"_links":{"self":[{"href":"https:\/\/plantesactives.fr\/index.php\/wp-json\/wp\/v2\/pages\/66","targetHints":{"allow":["GET"]}}],"collection":[{"href":"https:\/\/plantesactives.fr\/index.php\/wp-json\/wp\/v2\/pages"}],"about":[{"href":"https:\/\/plantesactives.fr\/index.php\/wp-json\/wp\/v2\/types\/page"}],"author":[{"embeddable":true,"href":"https:\/\/plantesactives.fr\/index.php\/wp-json\/wp\/v2\/users\/1"}],"replies":[{"embeddable":true,"href":"https:\/\/plantesactives.fr\/index.php\/wp-json\/wp\/v2\/comments?post=66"}],"version-history":[{"count":88,"href":"https:\/\/plantesactives.fr\/index.php\/wp-json\/wp\/v2\/pages\/66\/revisions"}],"predecessor-version":[{"id":754,"href":"https:\/\/plantesactives.fr\/index.php\/wp-json\/wp\/v2\/pages\/66\/revisions\/754"}],"wp:attachment":[{"href":"https:\/\/plantesactives.fr\/index.php\/wp-json\/wp\/v2\/media?parent=66"}],"curies":[{"name":"wp","href":"https:\/\/api.w.org\/{rel}","templated":true}]}}